{"id":2885,"date":"2026-03-20T03:29:41","date_gmt":"2026-03-20T03:29:41","guid":{"rendered":"https:\/\/forsalesman.shop\/?post_type=product&#038;p=2885"},"modified":"2026-03-20T03:49:23","modified_gmt":"2026-03-20T03:49:23","slug":"x9-handheld-game-console-5-5-inch-screen-supports-ten-emulators-ultra-hd-display-perfect-gift-for-kids-fathers-day","status":"publish","type":"product","link":"https:\/\/forsalesman.shop\/es\/producto\/x9-handheld-game-console-5-5-inch-screen-supports-ten-emulators-ultra-hd-display-perfect-gift-for-kids-fathers-day\/","title":{"rendered":"Consola de juegos port\u00e1til X9, pantalla de 5,5 pulgadas, compatible con diez emuladores, pantalla Ultra HD, regalo perfecto para ni\u00f1os y para el D\u00eda del Padre"},"content":{"rendered":"<div data-elementor-type=\"product-post\" data-elementor-id=\"2885\" class=\"elementor elementor-2885\" data-elementor-post-type=\"product\">\n\t\t\t\t<div class=\"elementor-element elementor-element-38400503 e-flex e-con-boxed e-con e-parent\" data-id=\"38400503\" data-element_type=\"container\" data-settings=\"{&quot;ekit_has_onepagescroll_dot&quot;:&quot;yes&quot;}\">\n\t\t\t\t\t<div class=\"e-con-inner\">\n\t\t<div class=\"elementor-element elementor-element-43f52586 e-grid e-con-full e-con e-child\" data-id=\"43f52586\" data-element_type=\"container\" data-settings=\"{&quot;ekit_has_onepagescroll_dot&quot;:&quot;yes&quot;}\">\n\t\t\t\t<div class=\"elementor-element elementor-element-2bd261d8 elementor-position-top elementor-widget elementor-widget-image-box\" data-id=\"2bd261d8\" data-element_type=\"widget\" data-settings=\"{&quot;ekit_we_effect_on&quot;:&quot;none&quot;}\" data-widget_type=\"image-box.default\">\n\t\t\t\t<div class=\"elementor-widget-container\">\n\t\t\t\t\t<div class=\"elementor-image-box-wrapper\"><figure class=\"elementor-image-box-img\"><img fetchpriority=\"high\" decoding=\"async\" width=\"300\" height=\"300\" src=\"https:\/\/forsalesman.shop\/wp-content\/uploads\/2026\/03\/341f7313-9ad9-4d02-bf3b-b873d7556fb8.__CR00800800_PT0_SX300_V1___.jpg\" class=\"attachment-full size-full wp-image-2896 wvs-archive-product-image\" alt=\"\" srcset=\"https:\/\/forsalesman.shop\/wp-content\/uploads\/2026\/03\/341f7313-9ad9-4d02-bf3b-b873d7556fb8.__CR00800800_PT0_SX300_V1___.jpg 300w, https:\/\/forsalesman.shop\/wp-content\/uploads\/2026\/03\/341f7313-9ad9-4d02-bf3b-b873d7556fb8.__CR00800800_PT0_SX300_V1___-150x150.jpg 150w, https:\/\/forsalesman.shop\/wp-content\/uploads\/2026\/03\/341f7313-9ad9-4d02-bf3b-b873d7556fb8.__CR00800800_PT0_SX300_V1___-12x12.jpg 12w, https:\/\/forsalesman.shop\/wp-content\/uploads\/2026\/03\/341f7313-9ad9-4d02-bf3b-b873d7556fb8.__CR00800800_PT0_SX300_V1___-110x110.jpg 110w, https:\/\/forsalesman.shop\/wp-content\/uploads\/2026\/03\/341f7313-9ad9-4d02-bf3b-b873d7556fb8.__CR00800800_PT0_SX300_V1___-60x60.jpg 60w, https:\/\/forsalesman.shop\/wp-content\/uploads\/2026\/03\/341f7313-9ad9-4d02-bf3b-b873d7556fb8.__CR00800800_PT0_SX300_V1___-100x100.jpg 100w, https:\/\/forsalesman.shop\/wp-content\/uploads\/2026\/03\/341f7313-9ad9-4d02-bf3b-b873d7556fb8.__CR00800800_PT0_SX300_V1___-50x50.jpg 50w\" sizes=\"(max-width: 300px) 100vw, 300px\" \/><\/figure><div class=\"elementor-image-box-content\"><h3 class=\"elementor-image-box-title\">Experiencia visual emblem\u00e1tica<\/h3><p class=\"elementor-image-box-description\">Con una pantalla de 5,5 pulgadas de alta definici\u00f3n y protecci\u00f3n ocular, esta videoconsola port\u00e1til mejora la saturaci\u00f3n del color mediante 50% y utiliza tecnolog\u00eda de ajuste inteligente del brillo para ofrecer im\u00e1genes m\u00e1s vivas y naturales. La gran pantalla garantiza la comodidad ocular al tiempo que proporciona una experiencia de juego envolvente para los entusiastas de las videoconsolas port\u00e1tiles.<\/p><\/div><\/div>\t\t\t\t<\/div>\n\t\t\t\t<\/div>\n\t\t\t\t<div class=\"elementor-element elementor-element-65118915 elementor-position-top elementor-widget elementor-widget-image-box\" data-id=\"65118915\" data-element_type=\"widget\" data-settings=\"{&quot;ekit_we_effect_on&quot;:&quot;none&quot;}\" data-widget_type=\"image-box.default\">\n\t\t\t\t<div class=\"elementor-widget-container\">\n\t\t\t\t\t<div class=\"elementor-image-box-wrapper\"><figure class=\"elementor-image-box-img\"><img decoding=\"async\" width=\"300\" height=\"300\" src=\"https:\/\/forsalesman.shop\/wp-content\/uploads\/2026\/03\/b7791ac0-e2b4-42e7-a8be-5ab7c9893174.__CR0010011001_PT0_SX300_V1___.jpg\" class=\"attachment-full size-full wp-image-2897 wvs-archive-product-image\" alt=\"\" srcset=\"https:\/\/forsalesman.shop\/wp-content\/uploads\/2026\/03\/b7791ac0-e2b4-42e7-a8be-5ab7c9893174.__CR0010011001_PT0_SX300_V1___.jpg 300w, https:\/\/forsalesman.shop\/wp-content\/uploads\/2026\/03\/b7791ac0-e2b4-42e7-a8be-5ab7c9893174.__CR0010011001_PT0_SX300_V1___-150x150.jpg 150w, https:\/\/forsalesman.shop\/wp-content\/uploads\/2026\/03\/b7791ac0-e2b4-42e7-a8be-5ab7c9893174.__CR0010011001_PT0_SX300_V1___-12x12.jpg 12w, https:\/\/forsalesman.shop\/wp-content\/uploads\/2026\/03\/b7791ac0-e2b4-42e7-a8be-5ab7c9893174.__CR0010011001_PT0_SX300_V1___-110x110.jpg 110w, https:\/\/forsalesman.shop\/wp-content\/uploads\/2026\/03\/b7791ac0-e2b4-42e7-a8be-5ab7c9893174.__CR0010011001_PT0_SX300_V1___-60x60.jpg 60w, https:\/\/forsalesman.shop\/wp-content\/uploads\/2026\/03\/b7791ac0-e2b4-42e7-a8be-5ab7c9893174.__CR0010011001_PT0_SX300_V1___-100x100.jpg 100w, https:\/\/forsalesman.shop\/wp-content\/uploads\/2026\/03\/b7791ac0-e2b4-42e7-a8be-5ab7c9893174.__CR0010011001_PT0_SX300_V1___-50x50.jpg 50w\" sizes=\"(max-width: 300px) 100vw, 300px\" \/><\/figure><div class=\"elementor-image-box-content\"><h3 class=\"elementor-image-box-title\">Rendimiento mejorado<\/h3><p class=\"elementor-image-box-description\">Equipado con el \u00faltimo chip de juegos insignia, este reproductor de juegos port\u00e1til aumenta el rendimiento y la fluidez en m\u00e1s de 80%, eliminando por completo el lag de control. Con 9 emuladores de juegos cl\u00e1sicos incorporados, es perfecto para los aficionados a los reproductores de videojuegos retro que deseen revivir los cl\u00e1sicos de arcade y juegos retro sin esfuerzo.<\/p><\/div><\/div>\t\t\t\t<\/div>\n\t\t\t\t<\/div>\n\t\t\t\t<div class=\"elementor-element elementor-element-2e185e4d elementor-position-top elementor-widget elementor-widget-image-box\" data-id=\"2e185e4d\" data-element_type=\"widget\" data-settings=\"{&quot;ekit_we_effect_on&quot;:&quot;none&quot;}\" data-widget_type=\"image-box.default\">\n\t\t\t\t<div class=\"elementor-widget-container\">\n\t\t\t\t\t<div class=\"elementor-image-box-wrapper\"><figure class=\"elementor-image-box-img\"><img decoding=\"async\" width=\"300\" height=\"300\" src=\"https:\/\/forsalesman.shop\/wp-content\/uploads\/2026\/03\/30e6bf03-bf20-49ea-be53-4f80c2139ecf.__CR00800800_PT0_SX300_V1___.jpg\" class=\"attachment-full size-full wp-image-2898 wvs-archive-product-image\" alt=\"\" srcset=\"https:\/\/forsalesman.shop\/wp-content\/uploads\/2026\/03\/30e6bf03-bf20-49ea-be53-4f80c2139ecf.__CR00800800_PT0_SX300_V1___.jpg 300w, https:\/\/forsalesman.shop\/wp-content\/uploads\/2026\/03\/30e6bf03-bf20-49ea-be53-4f80c2139ecf.__CR00800800_PT0_SX300_V1___-150x150.jpg 150w, https:\/\/forsalesman.shop\/wp-content\/uploads\/2026\/03\/30e6bf03-bf20-49ea-be53-4f80c2139ecf.__CR00800800_PT0_SX300_V1___-12x12.jpg 12w, https:\/\/forsalesman.shop\/wp-content\/uploads\/2026\/03\/30e6bf03-bf20-49ea-be53-4f80c2139ecf.__CR00800800_PT0_SX300_V1___-110x110.jpg 110w, https:\/\/forsalesman.shop\/wp-content\/uploads\/2026\/03\/30e6bf03-bf20-49ea-be53-4f80c2139ecf.__CR00800800_PT0_SX300_V1___-60x60.jpg 60w, https:\/\/forsalesman.shop\/wp-content\/uploads\/2026\/03\/30e6bf03-bf20-49ea-be53-4f80c2139ecf.__CR00800800_PT0_SX300_V1___-100x100.jpg 100w, https:\/\/forsalesman.shop\/wp-content\/uploads\/2026\/03\/30e6bf03-bf20-49ea-be53-4f80c2139ecf.__CR00800800_PT0_SX300_V1___-50x50.jpg 50w\" sizes=\"(max-width: 300px) 100vw, 300px\" \/><\/figure><div class=\"elementor-image-box-content\"><h3 class=\"elementor-image-box-title\">Terminal de entretenimiento multifuncional<\/h3><p class=\"elementor-image-box-description\">M\u00e1s all\u00e1 de las consolas de videojuegos tradicionales, este reproductor de videojuegos retro integra funciones inteligentes de lectura de libros electr\u00f3nicos, compatible con la lectura en formato TXT, memoria de favoritos y reproducci\u00f3n de m\u00fasica de fondo multitarea. Su cuerpo lacado en piano combina la est\u00e9tica de los e-sports con la tecnolog\u00eda de moda.<\/p><\/div><\/div>\t\t\t\t<\/div>\n\t\t\t\t<\/div>\n\t\t\t\t<\/div>\n\t\t\t\t<div class=\"elementor-element elementor-element-48cfbb8c elementor-widget elementor-widget-image\" data-id=\"48cfbb8c\" data-element_type=\"widget\" data-settings=\"{&quot;ekit_we_effect_on&quot;:&quot;none&quot;}\" data-widget_type=\"image.default\">\n\t\t\t\t<div class=\"elementor-widget-container\">\n\t\t\t\t\t\t\t\t\t\t\t\t\t\t\t<img loading=\"lazy\" decoding=\"async\" width=\"790\" height=\"1396\" src=\"https:\/\/forsalesman.shop\/wp-content\/uploads\/2026\/03\/1-21.webp\" class=\"attachment-full size-full wp-image-2899 wvs-archive-product-image\" alt=\"\" srcset=\"https:\/\/forsalesman.shop\/wp-content\/uploads\/2026\/03\/1-21.webp 790w, https:\/\/forsalesman.shop\/wp-content\/uploads\/2026\/03\/1-21-170x300.webp 170w, https:\/\/forsalesman.shop\/wp-content\/uploads\/2026\/03\/1-21-579x1024.webp 579w, https:\/\/forsalesman.shop\/wp-content\/uploads\/2026\/03\/1-21-768x1357.webp 768w, https:\/\/forsalesman.shop\/wp-content\/uploads\/2026\/03\/1-21-7x12.webp 7w, https:\/\/forsalesman.shop\/wp-content\/uploads\/2026\/03\/1-21-110x194.webp 110w, https:\/\/forsalesman.shop\/wp-content\/uploads\/2026\/03\/1-21-60x106.webp 60w, https:\/\/forsalesman.shop\/wp-content\/uploads\/2026\/03\/1-21-600x1060.webp 600w\" sizes=\"(max-width: 790px) 100vw, 790px\" \/>\t\t\t\t\t\t\t\t\t\t\t\t\t\t\t<\/div>\n\t\t\t\t<\/div>\n\t\t\t\t<div class=\"elementor-element elementor-element-746c03bb elementor-widget elementor-widget-image\" data-id=\"746c03bb\" data-element_type=\"widget\" data-settings=\"{&quot;ekit_we_effect_on&quot;:&quot;none&quot;}\" data-widget_type=\"image.default\">\n\t\t\t\t<div class=\"elementor-widget-container\">\n\t\t\t\t\t\t\t\t\t\t\t\t\t\t\t<img loading=\"lazy\" decoding=\"async\" width=\"790\" height=\"1276\" src=\"https:\/\/forsalesman.shop\/wp-content\/uploads\/2026\/03\/2-23.webp\" class=\"attachment-full size-full wp-image-2900 wvs-archive-product-image\" alt=\"\" srcset=\"https:\/\/forsalesman.shop\/wp-content\/uploads\/2026\/03\/2-23.webp 790w, https:\/\/forsalesman.shop\/wp-content\/uploads\/2026\/03\/2-23-186x300.webp 186w, https:\/\/forsalesman.shop\/wp-content\/uploads\/2026\/03\/2-23-634x1024.webp 634w, https:\/\/forsalesman.shop\/wp-content\/uploads\/2026\/03\/2-23-768x1240.webp 768w, https:\/\/forsalesman.shop\/wp-content\/uploads\/2026\/03\/2-23-7x12.webp 7w, https:\/\/forsalesman.shop\/wp-content\/uploads\/2026\/03\/2-23-110x178.webp 110w, https:\/\/forsalesman.shop\/wp-content\/uploads\/2026\/03\/2-23-60x97.webp 60w, https:\/\/forsalesman.shop\/wp-content\/uploads\/2026\/03\/2-23-600x969.webp 600w\" sizes=\"(max-width: 790px) 100vw, 790px\" \/>\t\t\t\t\t\t\t\t\t\t\t\t\t\t\t<\/div>\n\t\t\t\t<\/div>\n\t\t\t\t<div class=\"elementor-element elementor-element-5fd0a59d elementor-widget elementor-widget-image\" data-id=\"5fd0a59d\" data-element_type=\"widget\" data-settings=\"{&quot;ekit_we_effect_on&quot;:&quot;none&quot;}\" data-widget_type=\"image.default\">\n\t\t\t\t<div class=\"elementor-widget-container\">\n\t\t\t\t\t\t\t\t\t\t\t\t\t\t\t<img loading=\"lazy\" decoding=\"async\" width=\"790\" height=\"1175\" src=\"https:\/\/forsalesman.shop\/wp-content\/uploads\/2026\/03\/3-24.webp\" class=\"attachment-full size-full wp-image-2901 wvs-archive-product-image\" alt=\"\" srcset=\"https:\/\/forsalesman.shop\/wp-content\/uploads\/2026\/03\/3-24.webp 790w, https:\/\/forsalesman.shop\/wp-content\/uploads\/2026\/03\/3-24-202x300.webp 202w, https:\/\/forsalesman.shop\/wp-content\/uploads\/2026\/03\/3-24-688x1024.webp 688w, https:\/\/forsalesman.shop\/wp-content\/uploads\/2026\/03\/3-24-768x1142.webp 768w, https:\/\/forsalesman.shop\/wp-content\/uploads\/2026\/03\/3-24-8x12.webp 8w, https:\/\/forsalesman.shop\/wp-content\/uploads\/2026\/03\/3-24-110x164.webp 110w, https:\/\/forsalesman.shop\/wp-content\/uploads\/2026\/03\/3-24-60x89.webp 60w, https:\/\/forsalesman.shop\/wp-content\/uploads\/2026\/03\/3-24-600x892.webp 600w\" sizes=\"(max-width: 790px) 100vw, 790px\" \/>\t\t\t\t\t\t\t\t\t\t\t\t\t\t\t<\/div>\n\t\t\t\t<\/div>\n\t\t\t\t<div class=\"elementor-element elementor-element-641cb6a6 elementor-widget elementor-widget-image\" data-id=\"641cb6a6\" data-element_type=\"widget\" data-settings=\"{&quot;ekit_we_effect_on&quot;:&quot;none&quot;}\" data-widget_type=\"image.default\">\n\t\t\t\t<div class=\"elementor-widget-container\">\n\t\t\t\t\t\t\t\t\t\t\t\t\t\t\t<img loading=\"lazy\" decoding=\"async\" width=\"790\" height=\"1443\" src=\"https:\/\/forsalesman.shop\/wp-content\/uploads\/2026\/03\/4-21.webp\" class=\"attachment-full size-full wp-image-2902 wvs-archive-product-image\" alt=\"\" srcset=\"https:\/\/forsalesman.shop\/wp-content\/uploads\/2026\/03\/4-21.webp 790w, https:\/\/forsalesman.shop\/wp-content\/uploads\/2026\/03\/4-21-164x300.webp 164w, https:\/\/forsalesman.shop\/wp-content\/uploads\/2026\/03\/4-21-561x1024.webp 561w, https:\/\/forsalesman.shop\/wp-content\/uploads\/2026\/03\/4-21-768x1403.webp 768w, https:\/\/forsalesman.shop\/wp-content\/uploads\/2026\/03\/4-21-7x12.webp 7w, https:\/\/forsalesman.shop\/wp-content\/uploads\/2026\/03\/4-21-110x201.webp 110w, https:\/\/forsalesman.shop\/wp-content\/uploads\/2026\/03\/4-21-60x110.webp 60w, https:\/\/forsalesman.shop\/wp-content\/uploads\/2026\/03\/4-21-600x1096.webp 600w\" sizes=\"(max-width: 790px) 100vw, 790px\" \/>\t\t\t\t\t\t\t\t\t\t\t\t\t\t\t<\/div>\n\t\t\t\t<\/div>\n\t\t\t\t<div class=\"elementor-element elementor-element-3be8aa8 elementor-widget elementor-widget-image\" data-id=\"3be8aa8\" data-element_type=\"widget\" data-settings=\"{&quot;ekit_we_effect_on&quot;:&quot;none&quot;}\" data-widget_type=\"image.default\">\n\t\t\t\t<div class=\"elementor-widget-container\">\n\t\t\t\t\t\t\t\t\t\t\t\t\t\t\t<img loading=\"lazy\" decoding=\"async\" width=\"790\" height=\"1325\" src=\"https:\/\/forsalesman.shop\/wp-content\/uploads\/2026\/03\/5-20.webp\" class=\"attachment-full size-full wp-image-2903 wvs-archive-product-image\" alt=\"\" srcset=\"https:\/\/forsalesman.shop\/wp-content\/uploads\/2026\/03\/5-20.webp 790w, https:\/\/forsalesman.shop\/wp-content\/uploads\/2026\/03\/5-20-179x300.webp 179w, https:\/\/forsalesman.shop\/wp-content\/uploads\/2026\/03\/5-20-611x1024.webp 611w, https:\/\/forsalesman.shop\/wp-content\/uploads\/2026\/03\/5-20-768x1288.webp 768w, https:\/\/forsalesman.shop\/wp-content\/uploads\/2026\/03\/5-20-7x12.webp 7w, https:\/\/forsalesman.shop\/wp-content\/uploads\/2026\/03\/5-20-110x184.webp 110w, https:\/\/forsalesman.shop\/wp-content\/uploads\/2026\/03\/5-20-60x101.webp 60w, https:\/\/forsalesman.shop\/wp-content\/uploads\/2026\/03\/5-20-600x1006.webp 600w\" sizes=\"(max-width: 790px) 100vw, 790px\" \/>\t\t\t\t\t\t\t\t\t\t\t\t\t\t\t<\/div>\n\t\t\t\t<\/div>\n\t\t\t\t<div class=\"elementor-element elementor-element-c2bd2b5 elementor-widget elementor-widget-image\" data-id=\"c2bd2b5\" data-element_type=\"widget\" data-settings=\"{&quot;ekit_we_effect_on&quot;:&quot;none&quot;}\" data-widget_type=\"image.default\">\n\t\t\t\t<div class=\"elementor-widget-container\">\n\t\t\t\t\t\t\t\t\t\t\t\t\t\t\t<img loading=\"lazy\" decoding=\"async\" width=\"790\" height=\"1309\" src=\"https:\/\/forsalesman.shop\/wp-content\/uploads\/2026\/03\/6-21.webp\" class=\"attachment-full size-full wp-image-2904 wvs-archive-product-image\" alt=\"\" srcset=\"https:\/\/forsalesman.shop\/wp-content\/uploads\/2026\/03\/6-21.webp 790w, https:\/\/forsalesman.shop\/wp-content\/uploads\/2026\/03\/6-21-181x300.webp 181w, https:\/\/forsalesman.shop\/wp-content\/uploads\/2026\/03\/6-21-618x1024.webp 618w, https:\/\/forsalesman.shop\/wp-content\/uploads\/2026\/03\/6-21-768x1273.webp 768w, https:\/\/forsalesman.shop\/wp-content\/uploads\/2026\/03\/6-21-7x12.webp 7w, https:\/\/forsalesman.shop\/wp-content\/uploads\/2026\/03\/6-21-110x182.webp 110w, https:\/\/forsalesman.shop\/wp-content\/uploads\/2026\/03\/6-21-60x99.webp 60w, https:\/\/forsalesman.shop\/wp-content\/uploads\/2026\/03\/6-21-600x994.webp 600w\" sizes=\"(max-width: 790px) 100vw, 790px\" \/>\t\t\t\t\t\t\t\t\t\t\t\t\t\t\t<\/div>\n\t\t\t\t<\/div>\n\t\t\t\t<div class=\"elementor-element elementor-element-499bea6f elementor-widget elementor-widget-image\" data-id=\"499bea6f\" data-element_type=\"widget\" data-settings=\"{&quot;ekit_we_effect_on&quot;:&quot;none&quot;}\" data-widget_type=\"image.default\">\n\t\t\t\t<div class=\"elementor-widget-container\">\n\t\t\t\t\t\t\t\t\t\t\t\t\t\t\t<img loading=\"lazy\" decoding=\"async\" width=\"790\" height=\"1280\" src=\"https:\/\/forsalesman.shop\/wp-content\/uploads\/2026\/03\/7-14.webp\" class=\"attachment-full size-full wp-image-2905 wvs-archive-product-image\" alt=\"\" srcset=\"https:\/\/forsalesman.shop\/wp-content\/uploads\/2026\/03\/7-14.webp 790w, https:\/\/forsalesman.shop\/wp-content\/uploads\/2026\/03\/7-14-185x300.webp 185w, https:\/\/forsalesman.shop\/wp-content\/uploads\/2026\/03\/7-14-632x1024.webp 632w, https:\/\/forsalesman.shop\/wp-content\/uploads\/2026\/03\/7-14-768x1244.webp 768w, https:\/\/forsalesman.shop\/wp-content\/uploads\/2026\/03\/7-14-7x12.webp 7w, https:\/\/forsalesman.shop\/wp-content\/uploads\/2026\/03\/7-14-110x178.webp 110w, https:\/\/forsalesman.shop\/wp-content\/uploads\/2026\/03\/7-14-60x97.webp 60w, https:\/\/forsalesman.shop\/wp-content\/uploads\/2026\/03\/7-14-600x972.webp 600w\" sizes=\"(max-width: 790px) 100vw, 790px\" \/>\t\t\t\t\t\t\t\t\t\t\t\t\t\t\t<\/div>\n\t\t\t\t<\/div>\n\t\t\t\t<div class=\"elementor-element elementor-element-7ed043d5 elementor-widget elementor-widget-image\" data-id=\"7ed043d5\" data-element_type=\"widget\" data-settings=\"{&quot;ekit_we_effect_on&quot;:&quot;none&quot;}\" data-widget_type=\"image.default\">\n\t\t\t\t<div class=\"elementor-widget-container\">\n\t\t\t\t\t\t\t\t\t\t\t\t\t\t\t<img loading=\"lazy\" decoding=\"async\" width=\"790\" height=\"1293\" src=\"https:\/\/forsalesman.shop\/wp-content\/uploads\/2026\/03\/8-12.webp\" class=\"attachment-full size-full wp-image-2906 wvs-archive-product-image\" alt=\"\" srcset=\"https:\/\/forsalesman.shop\/wp-content\/uploads\/2026\/03\/8-12.webp 790w, https:\/\/forsalesman.shop\/wp-content\/uploads\/2026\/03\/8-12-183x300.webp 183w, https:\/\/forsalesman.shop\/wp-content\/uploads\/2026\/03\/8-12-626x1024.webp 626w, https:\/\/forsalesman.shop\/wp-content\/uploads\/2026\/03\/8-12-768x1257.webp 768w, https:\/\/forsalesman.shop\/wp-content\/uploads\/2026\/03\/8-12-7x12.webp 7w, https:\/\/forsalesman.shop\/wp-content\/uploads\/2026\/03\/8-12-110x180.webp 110w, https:\/\/forsalesman.shop\/wp-content\/uploads\/2026\/03\/8-12-60x98.webp 60w, https:\/\/forsalesman.shop\/wp-content\/uploads\/2026\/03\/8-12-600x982.webp 600w\" sizes=\"(max-width: 790px) 100vw, 790px\" \/>\t\t\t\t\t\t\t\t\t\t\t\t\t\t\t<\/div>\n\t\t\t\t<\/div>\n\t\t\t\t<div class=\"elementor-element elementor-element-1e14c76a elementor-widget elementor-widget-image\" data-id=\"1e14c76a\" data-element_type=\"widget\" data-settings=\"{&quot;ekit_we_effect_on&quot;:&quot;none&quot;}\" data-widget_type=\"image.default\">\n\t\t\t\t<div class=\"elementor-widget-container\">\n\t\t\t\t\t\t\t\t\t\t\t\t\t\t\t<img loading=\"lazy\" decoding=\"async\" width=\"790\" height=\"1144\" src=\"https:\/\/forsalesman.shop\/wp-content\/uploads\/2026\/03\/9-13.webp\" class=\"attachment-full size-full wp-image-2907 wvs-archive-product-image\" alt=\"\" srcset=\"https:\/\/forsalesman.shop\/wp-content\/uploads\/2026\/03\/9-13.webp 790w, https:\/\/forsalesman.shop\/wp-content\/uploads\/2026\/03\/9-13-207x300.webp 207w, https:\/\/forsalesman.shop\/wp-content\/uploads\/2026\/03\/9-13-707x1024.webp 707w, https:\/\/forsalesman.shop\/wp-content\/uploads\/2026\/03\/9-13-768x1112.webp 768w, https:\/\/forsalesman.shop\/wp-content\/uploads\/2026\/03\/9-13-8x12.webp 8w, https:\/\/forsalesman.shop\/wp-content\/uploads\/2026\/03\/9-13-110x159.webp 110w, https:\/\/forsalesman.shop\/wp-content\/uploads\/2026\/03\/9-13-60x87.webp 60w, https:\/\/forsalesman.shop\/wp-content\/uploads\/2026\/03\/9-13-600x869.webp 600w\" sizes=\"(max-width: 790px) 100vw, 790px\" \/>\t\t\t\t\t\t\t\t\t\t\t\t\t\t\t<\/div>\n\t\t\t\t<\/div>\n\t\t\t\t<div class=\"elementor-element elementor-element-5c7bb464 elementor-widget elementor-widget-image\" data-id=\"5c7bb464\" data-element_type=\"widget\" data-settings=\"{&quot;ekit_we_effect_on&quot;:&quot;none&quot;}\" data-widget_type=\"image.default\">\n\t\t\t\t<div class=\"elementor-widget-container\">\n\t\t\t\t\t\t\t\t\t\t\t\t\t\t\t<img loading=\"lazy\" decoding=\"async\" width=\"790\" height=\"1346\" src=\"https:\/\/forsalesman.shop\/wp-content\/uploads\/2026\/03\/10-8.webp\" class=\"attachment-full size-full wp-image-2908 wvs-archive-product-image\" alt=\"\" srcset=\"https:\/\/forsalesman.shop\/wp-content\/uploads\/2026\/03\/10-8.webp 790w, https:\/\/forsalesman.shop\/wp-content\/uploads\/2026\/03\/10-8-176x300.webp 176w, https:\/\/forsalesman.shop\/wp-content\/uploads\/2026\/03\/10-8-601x1024.webp 601w, https:\/\/forsalesman.shop\/wp-content\/uploads\/2026\/03\/10-8-768x1309.webp 768w, https:\/\/forsalesman.shop\/wp-content\/uploads\/2026\/03\/10-8-7x12.webp 7w, https:\/\/forsalesman.shop\/wp-content\/uploads\/2026\/03\/10-8-110x187.webp 110w, https:\/\/forsalesman.shop\/wp-content\/uploads\/2026\/03\/10-8-60x102.webp 60w, https:\/\/forsalesman.shop\/wp-content\/uploads\/2026\/03\/10-8-600x1022.webp 600w\" sizes=\"(max-width: 790px) 100vw, 790px\" \/>\t\t\t\t\t\t\t\t\t\t\t\t\t\t\t<\/div>\n\t\t\t\t<\/div>\n\t\t\t\t<div class=\"elementor-element elementor-element-66d20151 elementor-widget elementor-widget-text-editor\" data-id=\"66d20151\" data-element_type=\"widget\" data-settings=\"{&quot;ekit_we_effect_on&quot;:&quot;none&quot;}\" data-widget_type=\"text-editor.default\">\n\t\t\t\t<div class=\"elementor-widget-container\">\n\t\t\t\t\t\t\t\t\t<table class=\"specs-table\">\n    <tr>\n        <td>Detalles<\/td>\n        <td><\/td>\n    <\/tr>\n    <tr>\n        <td>Bater\u00eda incluida<\/td>\n        <td><span class=\"yes-badge\">S\u00cd<\/span><\/td>\n    <\/tr>\n    <tr>\n        <td>Producto qu\u00edmico altamente preocupante<\/td>\n        <td><span class=\"none-badge\">Ninguno<\/span><\/td>\n    <\/tr>\n    <tr>\n        <td>Tipo de juego<\/td>\n        <td><span class=\"game-type-badge\">RPG<\/span><\/td>\n    <\/tr>\n    <tr>\n        <td>Juegos incluidos<\/td>\n        <td><span class=\"games-count-badge\">6000<\/span><\/td>\n    <\/tr>\n    <tr>\n        <td>Categor\u00eda<\/td>\n        <td><span class=\"category-badge\">Consolas Port\u00e1tiles de Videojuegos<\/span><\/td>\n    <\/tr>\n    <tr>\n        <td>Resoluci\u00f3n de pantalla<\/td>\n        <td><span class=\"resolution-badge\">800 por 480<\/span><\/td>\n    <\/tr>\n<\/table>\n\n<style>\n    .specs-table {\n        width: 100%;\n        border-collapse: collapse;\n        font-family: 'Segoe UI', Arial, sans-serif;\n        font-size: 14px;\n    }\n    .specs-table tr {\n        border-bottom: 1px solid #e0e0e0;\n    }\n    .specs-table td {\n        padding: 12px 0;\n        text-align: left;\n        vertical-align: top;\n    }\n    .specs-table td:first-child {\n        font-weight: 600;\n        width: 40%;\n        color: #2c3e50;\n    }\n    .specs-table td:last-child {\n        width: 60%;\n    }\n    .yes-badge {\n        background-color: #e8f5e9;\n        color: #2e7d32;\n        padding: 8px 16px;\n        border-radius: 4px;\n        font-weight: 700;\n        text-transform: uppercase;\n        display: inline-block;\n        border: 1px solid #c8e6c9;\n    }\n    .none-badge {\n        background-color: #f5f5f5;\n        color: #757575;\n        padding: 8px 16px;\n        border-radius: 4px;\n        font-style: italic;\n        display: inline-block;\n        border: 1px solid #e0e0e0;\n    }\n    .game-type-badge {\n        background-color: #e3f2fd;\n        color: #1565c0;\n        padding: 8px 16px;\n        border-radius: 4px;\n        font-weight: 600;\n        text-transform: uppercase;\n        display: inline-block;\n        border: 1px solid #bbdefb;\n    }\n    .games-count-badge {\n        background-color: #f3e5f5;\n        color: #7b1fa2;\n        padding: 8px 16px;\n        border-radius: 4px;\n        font-weight: 700;\n        font-size: 16px;\n        display: inline-block;\n        border: 1px solid #e1bee7;\n    }\n    .category-badge {\n        background-color: #e8f5e9;\n        color: #2e7d32;\n        padding: 8px 16px;\n        border-radius: 4px;\n        font-weight: 600;\n        display: inline-block;\n        border: 1px solid #c8e6c9;\n    }\n    .resolution-badge {\n        background-color: #fff8e1;\n        color: #ff8f00;\n        padding: 8px 16px;\n        border-radius: 4px;\n        font-weight: 600;\n        font-family: 'Consolas', monospace;\n        display: inline-block;\n        border: 1px solid #ffecb3;\n    }\n<\/style>\t\t\t\t\t\t\t\t<\/div>\n\t\t\t\t<\/div>\n\t\t\t\t\t<\/div>\n\t\t\t\t<\/div>\n\t\t\t\t<\/div>","protected":false},"excerpt":{"rendered":"<p>Flagship Visual Experience Featuring a 5.5-inch high-definition eye-protection screen, this handheld game console enhances color saturation by 50% and uses smart brightness adjustment technology to deliver more vivid and natural visuals. The large screen ensures eye comfort while providing an immersive gaming experience for handheld game console enthusiasts. Upgraded Performance Powered by the latest flagship [&hellip;]<\/p>","protected":false},"featured_media":2886,"comment_status":"open","ping_status":"closed","template":"","meta":{"_acf_changed":false},"product_brand":[],"product_cat":[35],"product_tag":[],"class_list":{"0":"post-2885","1":"product","2":"type-product","3":"status-publish","4":"has-post-thumbnail","6":"product_cat-sale","8":"first","9":"instock","10":"sale","11":"shipping-taxable","12":"purchasable","13":"product-type-simple"},"acf":[],"_links":{"self":[{"href":"https:\/\/forsalesman.shop\/es\/wp-json\/wp\/v2\/product\/2885","targetHints":{"allow":["GET"]}}],"collection":[{"href":"https:\/\/forsalesman.shop\/es\/wp-json\/wp\/v2\/product"}],"about":[{"href":"https:\/\/forsalesman.shop\/es\/wp-json\/wp\/v2\/types\/product"}],"replies":[{"embeddable":true,"href":"https:\/\/forsalesman.shop\/es\/wp-json\/wp\/v2\/comments?post=2885"}],"version-history":[{"count":4,"href":"https:\/\/forsalesman.shop\/es\/wp-json\/wp\/v2\/product\/2885\/revisions"}],"predecessor-version":[{"id":2916,"href":"https:\/\/forsalesman.shop\/es\/wp-json\/wp\/v2\/product\/2885\/revisions\/2916"}],"wp:featuredmedia":[{"embeddable":true,"href":"https:\/\/forsalesman.shop\/es\/wp-json\/wp\/v2\/media\/2886"}],"wp:attachment":[{"href":"https:\/\/forsalesman.shop\/es\/wp-json\/wp\/v2\/media?parent=2885"}],"wp:term":[{"taxonomy":"product_brand","embeddable":true,"href":"https:\/\/forsalesman.shop\/es\/wp-json\/wp\/v2\/product_brand?post=2885"},{"taxonomy":"product_cat","embeddable":true,"href":"https:\/\/forsalesman.shop\/es\/wp-json\/wp\/v2\/product_cat?post=2885"},{"taxonomy":"product_tag","embeddable":true,"href":"https:\/\/forsalesman.shop\/es\/wp-json\/wp\/v2\/product_tag?post=2885"}],"curies":[{"name":"wp","href":"https:\/\/api.w.org\/{rel}","templated":true}]}}