{"id":2713,"date":"2026-01-16T04:11:09","date_gmt":"2026-01-16T04:11:09","guid":{"rendered":"https:\/\/forsalesman.shop\/?post_type=product&#038;p=2713"},"modified":"2026-01-16T05:14:46","modified_gmt":"2026-01-16T05:14:46","slug":"luz-de-emergencia-v16-obligatoria-conectada-a-dgt","status":"publish","type":"product","link":"https:\/\/forsalesman.shop\/de\/produkt\/luz-de-emergencia-v16-obligatoria-conectada-a-dgt\/","title":{"rendered":"LUZ DE EMERGENCIA V16 Obligatoria conectada a DGT"},"content":{"rendered":"<p><img fetchpriority=\"high\" decoding=\"async\" class=\"aligncenter\" src=\"https:\/\/forsalesman.shop\/wp-content\/uploads\/2026\/01\/11-4-768x1024.png\" sizes=\"(max-width: 768px) 100vw, 768px\" srcset=\"https:\/\/forsalesman.shop\/wp-content\/uploads\/2026\/01\/11-4-768x1023.png 768w, https:\/\/forsalesman.shop\/wp-content\/uploads\/2026\/01\/11-4-225x300.png 225w, https:\/\/forsalesman.shop\/wp-content\/uploads\/2026\/01\/11-4-600x800.png 600w, https:\/\/forsalesman.shop\/wp-content\/uploads\/2026\/01\/11-4.png 800w\" alt=\"\" width=\"768\" height=\"1024\" \/><br \/>\n<img decoding=\"async\" class=\"aligncenter\" src=\"https:\/\/forsalesman.shop\/wp-content\/uploads\/2026\/01\/22-2-768x1024.png\" sizes=\"(max-width: 768px) 100vw, 768px\" srcset=\"https:\/\/forsalesman.shop\/wp-content\/uploads\/2026\/01\/22-2-768x1023.png 768w, https:\/\/forsalesman.shop\/wp-content\/uploads\/2026\/01\/22-2-225x300.png 225w, https:\/\/forsalesman.shop\/wp-content\/uploads\/2026\/01\/22-2-600x800.png 600w, https:\/\/forsalesman.shop\/wp-content\/uploads\/2026\/01\/22-2.png 800w\" alt=\"\" width=\"768\" height=\"1024\" \/><br \/>\n<img decoding=\"async\" class=\"aligncenter\" src=\"https:\/\/forsalesman.shop\/wp-content\/uploads\/2026\/01\/33-1-768x1024.png\" sizes=\"(max-width: 768px) 100vw, 768px\" srcset=\"https:\/\/forsalesman.shop\/wp-content\/uploads\/2026\/01\/33-1-768x1023.png 768w, https:\/\/forsalesman.shop\/wp-content\/uploads\/2026\/01\/33-1-225x300.png 225w, https:\/\/forsalesman.shop\/wp-content\/uploads\/2026\/01\/33-1-600x800.png 600w, https:\/\/forsalesman.shop\/wp-content\/uploads\/2026\/01\/33-1.png 800w\" alt=\"\" width=\"768\" height=\"1024\" \/><\/p>\n<ul>\n<li>LUZ V16 CON GEOLOCALIZACION: wurde entwickelt, um die gr\u00f6\u00dftm\u00f6gliche Sicherheit bei Unf\u00e4llen auf der Stra\u00dfe zu gew\u00e4hrleisten, indem es automatisch die DGT alarmiert und bis zu 1 km weit von anderen Fahrern gesehen werden kann, um so Unf\u00e4lle zu vermeiden.<\/li>\n<li>HOMOLOGADA POR LA DGT (3.0): La baliza de emergencia ha sido disenada conforme las especificaciones de la DGT, superando elexigente proceso de certificaci\u00f3n y cumpliendo meticulosamente todas las estipulaciones del Real Decreto 2822\/1998.<\/li>\n<li>COBERTURA GRATUITA HASTA 2038: EI dispositivo incluye 12 anos de servicio de datos gratuito de Telef\u00f3nica a contar a partir de 2026.Consiguela ahora yobten datos gratuitos hasta el 2038.<\/li>\n<li>ACTIVACION SEGURA: die sicherste und perfekteste L\u00f6sung f\u00fcr Notf\u00e4lle auf der Stra\u00dfe, deren Notlicht durch Pulsieren aktiviert wird und aus dem Fahrzeuginneren heraus leuchtet, so dass keine Gefahr von Stromschl\u00e4gen besteht.<\/li>\n<li>USO PERMITIDO EN MOTOS: El dispositivo es adecuado tambi\u00e9n para su uso en motocicletas. Su diseno compacto y port\u00e1til permite ser transportado f\u00e1cilmente en cualquier moto.<\/li>\n<\/ul>","protected":false},"excerpt":{"rendered":"<p>LUZ V16 CON GEOLOCALIZACION: creada para ofrecer la mayor seguridad ante la senalizaci\u00f3n de vehiculos con incidencias en carretera, permitiendo alertar automaticamente a la DGT y ser vistos hasta a 1km por otros conductores, evitando asi atropellos yaccidentes. HOMOLOGADA POR LA DGT (3.0): La baliza de emergencia ha sido disenada conforme las especificaciones de la [&hellip;]<\/p>","protected":false},"featured_media":2714,"comment_status":"open","ping_status":"closed","template":"","meta":{"_acf_changed":false},"product_brand":[],"product_cat":[41],"product_tag":[],"class_list":{"0":"post-2713","1":"product","2":"type-product","3":"status-publish","4":"has-post-thumbnail","6":"product_cat-home-living","8":"first","9":"instock","10":"sale","11":"shipping-taxable","12":"purchasable","13":"product-type-simple"},"acf":[],"_links":{"self":[{"href":"https:\/\/forsalesman.shop\/de\/wp-json\/wp\/v2\/product\/2713","targetHints":{"allow":["GET"]}}],"collection":[{"href":"https:\/\/forsalesman.shop\/de\/wp-json\/wp\/v2\/product"}],"about":[{"href":"https:\/\/forsalesman.shop\/de\/wp-json\/wp\/v2\/types\/product"}],"replies":[{"embeddable":true,"href":"https:\/\/forsalesman.shop\/de\/wp-json\/wp\/v2\/comments?post=2713"}],"version-history":[{"count":2,"href":"https:\/\/forsalesman.shop\/de\/wp-json\/wp\/v2\/product\/2713\/revisions"}],"predecessor-version":[{"id":2735,"href":"https:\/\/forsalesman.shop\/de\/wp-json\/wp\/v2\/product\/2713\/revisions\/2735"}],"wp:featuredmedia":[{"embeddable":true,"href":"https:\/\/forsalesman.shop\/de\/wp-json\/wp\/v2\/media\/2714"}],"wp:attachment":[{"href":"https:\/\/forsalesman.shop\/de\/wp-json\/wp\/v2\/media?parent=2713"}],"wp:term":[{"taxonomy":"product_brand","embeddable":true,"href":"https:\/\/forsalesman.shop\/de\/wp-json\/wp\/v2\/product_brand?post=2713"},{"taxonomy":"product_cat","embeddable":true,"href":"https:\/\/forsalesman.shop\/de\/wp-json\/wp\/v2\/product_cat?post=2713"},{"taxonomy":"product_tag","embeddable":true,"href":"https:\/\/forsalesman.shop\/de\/wp-json\/wp\/v2\/product_tag?post=2713"}],"curies":[{"name":"wp","href":"https:\/\/api.w.org\/{rel}","templated":true}]}}