{"id":2690,"date":"2026-01-14T01:41:17","date_gmt":"2026-01-14T01:41:17","guid":{"rendered":"https:\/\/forsalesman.shop\/?post_type=product&#038;p=2690"},"modified":"2026-01-14T01:49:57","modified_gmt":"2026-01-14T01:49:57","slug":"vitalis-nova-moringa-pura-de-hoja-ecologica-90-capsulas-veganas-fuente-de-nutrientes-y-antioxidantes-superalimento-completo-suplemento-natural-organico-absorbibles","status":"publish","type":"product","link":"https:\/\/forsalesman.shop\/de\/produkt\/vitalis-nova-moringa-pura-de-hoja-ecologica-90-capsulas-veganas-fuente-de-nutrientes-y-antioxidantes-superalimento-completo-suplemento-natural-organico-absorbibles\/","title":{"rendered":"Vitalis Nova Moringa Pura de Hoja Ecol\u00f3gica 90 C\u00e1psulas Veganas Fuente de Nutrientes y Antioxidantes Superalimento Completo Suplemento Natural Org\u00e1nico Absorbibles"},"content":{"rendered":"<p><img fetchpriority=\"high\" decoding=\"async\" class=\"aligncenter\" src=\"https:\/\/forsalesman.shop\/wp-content\/uploads\/2026\/01\/1.jpeg\" sizes=\"(max-width: 800px) 100vw, 800px\" srcset=\"https:\/\/forsalesman.shop\/wp-content\/uploads\/2026\/01\/1.jpeg 970w, https:\/\/forsalesman.shop\/wp-content\/uploads\/2026\/01\/1-300x186_1.jpeg 300w, https:\/\/forsalesman.shop\/wp-content\/uploads\/2026\/01\/1-768x475_1.jpeg 768w, https:\/\/forsalesman.shop\/wp-content\/uploads\/2026\/01\/1-600x371_1.jpeg 600w\" alt=\"\" width=\"800\" height=\"495\" \/><br \/>\n<img decoding=\"async\" class=\"aligncenter\" src=\"https:\/\/forsalesman.shop\/wp-content\/uploads\/2026\/01\/3.jpeg\" sizes=\"(max-width: 800px) 100vw, 800px\" srcset=\"https:\/\/forsalesman.shop\/wp-content\/uploads\/2026\/01\/3.jpeg 970w, https:\/\/forsalesman.shop\/wp-content\/uploads\/2026\/01\/3-300x186_1.jpeg 300w, https:\/\/forsalesman.shop\/wp-content\/uploads\/2026\/01\/3-768x475_1.jpeg 768w, https:\/\/forsalesman.shop\/wp-content\/uploads\/2026\/01\/3-600x371_1.jpeg 600w\" alt=\"\" width=\"800\" height=\"495\" \/><br \/>\n<img decoding=\"async\" class=\"aligncenter\" src=\"https:\/\/forsalesman.shop\/wp-content\/uploads\/2026\/01\/2-24.jpg\" sizes=\"(max-width: 800px) 100vw, 800px\" srcset=\"https:\/\/forsalesman.shop\/wp-content\/uploads\/2026\/01\/2-24.jpg 970w, https:\/\/forsalesman.shop\/wp-content\/uploads\/2026\/01\/2-24-300x186_1.jpg 300w, https:\/\/forsalesman.shop\/wp-content\/uploads\/2026\/01\/2-24-768x475_1.jpg 768w, https:\/\/forsalesman.shop\/wp-content\/uploads\/2026\/01\/2-24-600x371_1.jpg 600w\" alt=\"\" width=\"800\" height=\"495\" \/><\/p>\n<ul>\n<li>Unlocking the Power of Pure Moringa Capsules: Enhance your wellness journey with moringa powder organic, a nutrient-dense superfood that supports immune function &amp; boosts energy levels, making it the perfect addition to your daily routine for optimal health.<\/li>\n<li>Discover Herbaitals Moringa Supplements: Experience the purity of moringa pure, available in convenient moringa Powder capsules, designed for those who seek a hassle-free way to incorporate the incredible benefits of this powerful plant into their lifestyle.<\/li>\n<li>Wellness On-the-Go:Elevate your energy levels, vitality, and overall well-being with our top-grade Moringa capsules containing powerful Moringa leaf powder. Simply take two capsules daily for maximum effectiveness, and adjust your intake according to your body&#8217;s requirements. Including these capsules in your daily habits can help keep you healthy and support your immune system no matter where you are. whether at home, the office, during fitness activities, at wellness workshops, outdoor advent<\/li>\n<\/ul>","protected":false},"excerpt":{"rendered":"<p>Unlocking the Power of Pure Moringa Capsules: Enhance your wellness journey with moringa powder organic, a nutrient-dense superfood that supports immune function &amp; boosts energy levels, making it the perfect addition to your daily routine for optimal health. Discover Herbaitals Moringa Supplements: Experience the purity of moringa pure, available in convenient moringa Powder capsules, designed [&hellip;]<\/p>","protected":false},"featured_media":2691,"comment_status":"open","ping_status":"closed","template":"","meta":{"_acf_changed":false},"product_brand":[],"product_cat":[41],"product_tag":[],"class_list":{"0":"post-2690","1":"product","2":"type-product","3":"status-publish","4":"has-post-thumbnail","6":"product_cat-home-living","8":"first","9":"instock","10":"sale","11":"shipping-taxable","12":"purchasable","13":"product-type-simple"},"acf":[],"_links":{"self":[{"href":"https:\/\/forsalesman.shop\/de\/wp-json\/wp\/v2\/product\/2690","targetHints":{"allow":["GET"]}}],"collection":[{"href":"https:\/\/forsalesman.shop\/de\/wp-json\/wp\/v2\/product"}],"about":[{"href":"https:\/\/forsalesman.shop\/de\/wp-json\/wp\/v2\/types\/product"}],"replies":[{"embeddable":true,"href":"https:\/\/forsalesman.shop\/de\/wp-json\/wp\/v2\/comments?post=2690"}],"version-history":[{"count":3,"href":"https:\/\/forsalesman.shop\/de\/wp-json\/wp\/v2\/product\/2690\/revisions"}],"predecessor-version":[{"id":2711,"href":"https:\/\/forsalesman.shop\/de\/wp-json\/wp\/v2\/product\/2690\/revisions\/2711"}],"wp:featuredmedia":[{"embeddable":true,"href":"https:\/\/forsalesman.shop\/de\/wp-json\/wp\/v2\/media\/2691"}],"wp:attachment":[{"href":"https:\/\/forsalesman.shop\/de\/wp-json\/wp\/v2\/media?parent=2690"}],"wp:term":[{"taxonomy":"product_brand","embeddable":true,"href":"https:\/\/forsalesman.shop\/de\/wp-json\/wp\/v2\/product_brand?post=2690"},{"taxonomy":"product_cat","embeddable":true,"href":"https:\/\/forsalesman.shop\/de\/wp-json\/wp\/v2\/product_cat?post=2690"},{"taxonomy":"product_tag","embeddable":true,"href":"https:\/\/forsalesman.shop\/de\/wp-json\/wp\/v2\/product_tag?post=2690"}],"curies":[{"name":"wp","href":"https:\/\/api.w.org\/{rel}","templated":true}]}}